{"id":2,"date":"2025-11-22T01:12:57","date_gmt":"2025-11-22T00:12:57","guid":{"rendered":"https:\/\/95.110.135.165:9453\/?page_id=2"},"modified":"2026-04-11T17:35:52","modified_gmt":"2026-04-11T15:35:52","slug":"pagina-di-esempio","status":"publish","type":"page","link":"https:\/\/www.motoclubandamentolento.com\/?page_id=2","title":{"rendered":"Calendario Eventi"},"content":{"rendered":"\n<p><strong style=\"font-size:22px;\">Calendario ed Eventi programmati<\/strong><\/p>\n\n\n\n<p><strong>Eventi <\/strong>:<\/p>\n\n\n\n<p>Il moto club <strong>Andamento Lento<\/strong> mette a disposizione dei propri tesserati una serie di eventi a numero chiuso e dietro prenotazione, dove potranno essere visitate localit\u00e0 poco conosciute e paesaggi, attraverso percorsi al di fuori della consuetudine, ma sempre nello spirito associativo del moto club, che mette al primo posto l&#8217;aspetto geografico, storico e paesaggistico, trasformando il viaggio in un&#8217;esperienza da vivere intensamente, calata nel luogo che si attraversa, assaporandone tutti i suoi  specifici connotati.<\/p>\n\n\n\n<p><strong>Manifestazioni<\/strong> :<\/p>\n\n\n\n<p>Attraverso il moto club potrai intervenire a manifestazioni specifiche e\/o visite a concessionarie del nostro territorio, il cui scopo \u00e8 mettere in contatto &#8220;motociclisti&#8221; con le stesse &#8220;concessionarie&#8221;, facendo conoscere i nuovi modelli e cercando di dare voce ai nostri associati, sulle loro esigenze.<\/p>\n\n\n\n<p><\/p>\n\n\n\n<br><p><strong>Eventi <strong>con percorsi organizzati<\/strong><\/strong> <strong>della stagione 2026<\/strong><\/p>\n\n\n\n\n\n<p>Gli eventi con percorsi organizzati si svolgeranno in due, o tre giorni, durante il fine settimana, con un paio di quote partecipative preordinate a numero chiuso e su prenotazione.<br>Per permettere a tutti gli iscritti di poter partecipare, i percorsi saranno ripetuti, come da calendario.<br>Per tutti coloro che vorranno aderire \u00e8 obbligatoria l&#8217;iscrizione al moto club.<br>Agli iscritti verranno fornite tutte le ulteriori informazioni sullo svolgimento dei programmi in calendario, compreso pernottamento, ristoranti selezionati e del percorso scelto.<\/p>\n\n\n\n<p>I percorsi prevedono per lo pi\u00f9 strade asfaltate, o alcuni piccoli tratti di sterrato molto semplice. I percorsi si dipanano quasi sempre su strade statali, o provinciali molto interne, per lo pi\u00f9 di montagna e il tempo stimato \u00e8 indicato in tabella con i km totali e si riferisce al percorso completato a velocit\u00e0 di codice; in realt\u00e0, durante lo svolgimento verranno effettuate numerose soste, per permettere di scattare foto e ammirare il paesaggio.<br>Durante i percorsi saranno selezionati dei luoghi di ristoro (affiliati al moto club), che verranno accuratamente scelti per la sosta pranzo. In tutta tranquillit\u00e0 \u00e8 previsto nel tardo pomeriggio, il rientro presso le strutture assegnate, con eventuali intrattenimenti serali.<br>Si avr\u00e0 la possibilit\u00e0, durante gli eventi, anche di conoscere e degustare prodotti a km zero, tipici del territorio. <br>Non si richiede particolare destrezza nel pilotaggio del mezzo, ma si fa presente che <strong>tutti i partecipanti dovranno attenersi alle regole imposte dal moto club, visualizzabili alla sezione &#8220;Regolamento&#8221;.<\/strong><\/p>\n\n\n\n<figure class=\"wp-block-image size-full\"><img loading=\"lazy\" decoding=\"async\" width=\"985\" height=\"514\" src=\"https:\/\/www.motoclubandamentolento.com\/wp-content\/uploads\/2026\/03\/Depliant-evento-13-06-2026-v4_FRONT.jpg\" alt=\"\" class=\"wp-image-852\" srcset=\"https:\/\/www.motoclubandamentolento.com\/wp-content\/uploads\/2026\/03\/Depliant-evento-13-06-2026-v4_FRONT.jpg 985w, https:\/\/www.motoclubandamentolento.com\/wp-content\/uploads\/2026\/03\/Depliant-evento-13-06-2026-v4_FRONT-300x157.jpg 300w, https:\/\/www.motoclubandamentolento.com\/wp-content\/uploads\/2026\/03\/Depliant-evento-13-06-2026-v4_FRONT-768x401.jpg 768w, https:\/\/www.motoclubandamentolento.com\/wp-content\/uploads\/2026\/03\/Depliant-evento-13-06-2026-v4_FRONT-600x313.jpg 600w\" sizes=\"(max-width: 985px) 100vw, 985px\" \/><\/figure>\n","protected":false},"excerpt":{"rendered":"<p>Calendario ed Eventi programmati Eventi : Il moto club Andamento Lento mette a disposizione dei propri tesserati una serie di eventi a numero chiuso e dietro prenotazione, dove potranno essere visitate localit\u00e0 poco conosciute e paesaggi, attraverso percorsi al di fuori della consuetudine, ma sempre nello spirito associativo del moto club, che mette al primo [&hellip;]<\/p>\n","protected":false},"author":1,"featured_media":0,"parent":0,"menu_order":0,"comment_status":"closed","ping_status":"closed","template":"","meta":{"saved_in_kubio":true,"footnotes":""},"class_list":["post-2","page","type-page","status-publish","hentry"],"kubio_ai_page_context":{"short_desc":"","purpose":"general"},"jetpack_sharing_enabled":true,"_links":{"self":[{"href":"https:\/\/www.motoclubandamentolento.com\/index.php?rest_route=\/wp\/v2\/pages\/2","targetHints":{"allow":["GET"]}}],"collection":[{"href":"https:\/\/www.motoclubandamentolento.com\/index.php?rest_route=\/wp\/v2\/pages"}],"about":[{"href":"https:\/\/www.motoclubandamentolento.com\/index.php?rest_route=\/wp\/v2\/types\/page"}],"author":[{"embeddable":true,"href":"https:\/\/www.motoclubandamentolento.com\/index.php?rest_route=\/wp\/v2\/users\/1"}],"replies":[{"embeddable":true,"href":"https:\/\/www.motoclubandamentolento.com\/index.php?rest_route=%2Fwp%2Fv2%2Fcomments&post=2"}],"version-history":[{"count":71,"href":"https:\/\/www.motoclubandamentolento.com\/index.php?rest_route=\/wp\/v2\/pages\/2\/revisions"}],"predecessor-version":[{"id":884,"href":"https:\/\/www.motoclubandamentolento.com\/index.php?rest_route=\/wp\/v2\/pages\/2\/revisions\/884"}],"wp:attachment":[{"href":"https:\/\/www.motoclubandamentolento.com\/index.php?rest_route=%2Fwp%2Fv2%2Fmedia&parent=2"}],"curies":[{"name":"wp","href":"https:\/\/api.w.org\/{rel}","templated":true}]}}